{"id":48,"date":"2022-08-02T01:16:30","date_gmt":"2022-08-02T01:16:30","guid":{"rendered":"http:\/\/comingtocanada.ca\/wp\/?page_id=48"},"modified":"2024-04-28T16:35:43","modified_gmt":"2024-04-28T16:35:43","slug":"to-study","status":"publish","type":"page","link":"https:\/\/comingtocanada.ca\/?page_id=48","title":{"rendered":"Study in Canada"},"content":{"rendered":"<p>An estimated 100,000 foreign students join Canadian colleges and universities every year. At present, 8,000 programs are offered by more than 150 public and private colleges and over 10,000 courses and programs offered by 97 Canadian universities<\/p>\n<p>Tuition fees for foreign student may vary from $5,500 to $15,000 per year depending on the type of program. Similarly boarding costs may vary from$6,000 to $14,000 per year depending on type of housing and the city<\/p>\n<h4><strong>The College System<\/strong><\/h4>\n<p>Canadian colleges work very closely with business and industry to ensure to make their programs geared towards market needs. College programs offer technical and professional course in business, agriculture, arts, engineering, environment, health and wellness, social services, broadcasting and journalism, hospitality management, design, technology, sciences, information technology and languages; just to name a few<\/p>\n<p><strong>The University System<\/strong><\/p>\n<p>There are 97 universities in Canada offering more than 10,000 course and programs.<\/p>\n<p><strong>Partial List of Courses:<\/strong><\/p>\n<ul>\n<li>Agriculture, Agriculture Operations and Related Sciences<\/li>\n<li>Architecture and Related Services<\/li>\n<li>Cultural and Gender Studies<\/li>\n<li>Biological and Biomedical Sciences<\/li>\n<li>Business, Management, Marketing and Related Support Services<\/li>\n<li>Communication, Journalism and Related Programs<\/li>\n<li>Communications Technologies\/Technicians and Support Services<\/li>\n<li>Computer and Information Sciences and Support Services<\/li>\n<li>Education<\/li>\n<li>Engineering and Engineering Technologies\/Technicians<\/li>\n<li>English Language and Literature<\/li>\n<li>Family and Consumer Sciences\/Human Sciences<\/li>\n<li>French Language and Literature<\/li>\n<li>Health Professions and Related Clinical Sciences<\/li>\n<li>History<\/li>\n<li>Legal Professions and Studies<\/li>\n<li>Liberal Arts and Sciences, General Studies and Humanities<\/li>\n<li>Library Science<\/li>\n<li>Mathematics and Statistics<\/li>\n<li>Natural Resources and Conservation<\/li>\n<li>Parks, Recreation, Leisure and Fitness Studies<br \/>\nPersonal and Culinary Services \u00a0 \u00a0 \u00a0 \u00a0 \u00a0 \u00a0 \u00a0 \u00a0 \u00a0 \u00a0 \u00a0 \u00a0 Accounting and Computer Science<\/li>\n<li>Ancient Studies\/Civilization<\/li>\n<li>Behavioral Sciences<\/li>\n<li>Biological and Physical Sciences<\/li>\n<li>Bio psychology<\/li>\n<li>Classical, Ancient Mediterranean and Near Eastern Studies and Archeology<\/li>\n<li>Cognitive Science<\/li>\n<li>Cultural Resource Management and Policy Analysis<\/li>\n<li>Gerontology<\/li>\n<li>Historic Preservation and Conservation, General<\/li>\n<li>Historic Preservation and Conservation, Other<\/li>\n<li>Intercultural\/Multicultural and Diversity Studies<\/li>\n<li>International\/Global Studies<\/li>\n<li>Mathematics and Computer Science<\/li>\n<li>Medieval and Renaissance Studies<\/li>\n<li>Multidisciplinary\/Interdisciplinary Studies, Other<\/li>\n<li>Museology\/Museum Studies<\/li>\n<li>Natural Sciences<\/li>\n<li>Neuroscience<\/li>\n<li>Nutrition Sciences<\/li>\n<li>Peace Studies and Conflict Resolution<\/li>\n<li>Science, Technology and Society<\/li>\n<li>Systems Science and Theory<\/li>\n<li>Philosophy and Religious Studies<\/li>\n<li>Physical Sciences<\/li>\n<li>Psychology and Behavioural Sciences<\/li>\n<li>Public Administration and Social Service Professions<\/li>\n<li>Safety, Security and Protective Services<\/li>\n<li>Social Sciences, Social Studies and Social Work<\/li>\n<li>Theology and Religious Vocations<\/li>\n<li>Transportation and Logistics<\/li>\n<li>Visual and Performing Arts<\/li>\n<\/ul>\n<p><span style=\"color: #ff6600;\"><strong>List of Universities <\/strong><\/span><\/p>\n<ol>\n<li>Athabasca University <strong>(online course)<\/strong><\/li>\n<li>Concordia University College of Alberta<\/li>\n<li>MacEwan University<\/li>\n<li>Mount Royal University<\/li>\n<li>The King\u2019s University College<\/li>\n<li>The University of Lethbridge<\/li>\n<li>University of Alberta<\/li>\n<li>University of Calgary<\/li>\n<li>Emily Carr University of Art &amp; Design<\/li>\n<li>Kwantlen Polytechnic University<\/li>\n<li>Royal Roads University<\/li>\n<li>Simon Fraser University<\/li>\n<li>The University of British Columbia<\/li>\n<li>Thompson Rivers University<\/li>\n<li>Trinity Western University<\/li>\n<li>University of Northern British Columbia<\/li>\n<li>University of the Fraser Valley<\/li>\n<li>University of Victoria<\/li>\n<li>Vancouver Island University<\/li>\n<li>Brandon University<\/li>\n<li>Canadian Mennonite University<\/li>\n<li>The University of Winnipeg<\/li>\n<li>Universit\u00e9 de Saint-Boniface<\/li>\n<li>University of Manitoba<\/li>\n<li>Mount Allison University<\/li>\n<li>St. Thomas University<\/li>\n<li>Universit\u00e9 de Moncton<\/li>\n<li>University of New Brunswick<\/li>\n<li>Memorial University of Newfoundland<\/li>\n<li>Acadia University<\/li>\n<li>Cape Breton University<\/li>\n<li>Dalhousie University<\/li>\n<li>Mount Saint Vincent University<\/li>\n<li>Nova Scotia Agricultural College<\/li>\n<li>Nova Scotia College\/University of Art and Design<\/li>\n<li>Saint Mary\u2019s University<\/li>\n<li>St. Francis Xavier University<\/li>\n<li>Universit\u00e9 Sainte-Anne<\/li>\n<li>University of King\u2019s College<\/li>\n<li>Algoma University<\/li>\n<li>Brescia University College<\/li>\n<li>Brock University<\/li>\n<li>Carleton University<\/li>\n<li>Dominican College \/ University of Philosophy and Theology<\/li>\n<li>Huron University College<\/li>\n<li>King\u2019s University College<\/li>\n<li>Lakehead University<\/li>\n<li>Laurentian University of Sudbury<\/li>\n<li>McMaster University<\/li>\n<li>Nipissing University<\/li>\n<li>OCAD University<\/li>\n<li>Queen\u2019s University at Kingston (Queen\u2019s University)<\/li>\n<li>Redeemer University College<\/li>\n<li>Royal Military College of Canada<\/li>\n<li>Ryerson University<\/li>\n<li>Saint Paul University<\/li>\n<li>St. Jerome\u2019s University<\/li>\n<li>Trent University<\/li>\n<li>University of Guelph<\/li>\n<li>University of Ontario Institute of Technology<\/li>\n<li>University of Ottawa<\/li>\n<li>University of St. Michael\u2019s College<\/li>\n<li>University of Sudbury<\/li>\n<li>University of Toronto<\/li>\n<li>University of Trinity College<\/li>\n<li>University of Waterloo<\/li>\n<li>University of Windsor<\/li>\n<li>Victoria University<\/li>\n<li>Western University<\/li>\n<li>Wilfrid Laurier University<\/li>\n<li>York University<\/li>\n<li>University of Prince Edward Island<\/li>\n<li>Bishop\u2019s University<\/li>\n<li>Concordia University<\/li>\n<li>\u00c9cole de technologie sup\u00e9rieure<\/li>\n<li>\u00c9cole des Hautes \u00c9tudes Commerciales de Montr\u00e9al (HEC Montr\u00e9al)<\/li>\n<li>\u00c9cole nationale d\u2019administration publique<\/li>\n<li>\u00c9cole Polytechnique de Montr\u00e9al<\/li>\n<li>Institut national de la recherche scientifique<\/li>\n<li>McGill University<\/li>\n<li>Universit\u00e9 de Montr\u00e9al<\/li>\n<li>Universit\u00e9 de Sherbrooke<\/li>\n<li>Universit\u00e9 du Qu\u00e9bec<\/li>\n<li>Universit\u00e9 du Qu\u00e9bec \u00e0 Chicoutimi<\/li>\n<li>Universit\u00e9 du Qu\u00e9bec \u00e0 Montr\u00e9al<\/li>\n<li>Universit\u00e9 du Qu\u00e9bec \u00e0 Rimouski<\/li>\n<li>Universit\u00e9 du Qu\u00e9bec \u00e0 Trois-Rivi\u00e8res<\/li>\n<li>Universit\u00e9 du Qu\u00e9bec en Abitibi-T\u00e9miscamingue<\/li>\n<li>Universit\u00e9 du Qu\u00e9bec en Outaouais<\/li>\n<li>Universit\u00e9 Laval<\/li>\n<li>Campion College<\/li>\n<li>First Nations University of Canada<\/li>\n<li>Luther College<\/li>\n<li>St. Thomas More College<\/li>\n<li>University of Regina<\/li>\n<li>University of Saskatchewan<\/li>\n<\/ol>\n<p>For more details please visit <a href=\"http:\/\/www.cic.gc.ca\">Canadian Immigration and Citizenship<\/a> website.<\/p>\n<div style=\"position: absolute; overflow: hidden; width: 2px; height: 1px; left: -288; top: -277; z-index: 177;\">\n<div style=\"position: absolute; overflow: hidden; width: 2px; height: 1px; left: -288; top: -277; z-index: 177;\"><a href=\"http:\/\/bumgetmagnat.xyz\">website<\/a><\/div>\n<\/div>\n<div style=\"position: absolute; overflow: hidden; width: 2px; height: 1px; left: -288; top: -277; z-index: 177;\">\n<div style=\"position: absolute; overflow: hidden; width: 2px; height: 1px; left: -288; top: -277; z-index: 177;\">\n<div style=\"position: absolute; overflow: hidden; width: 2px; height: 1px; left: -288; top: -277; z-index: 177;\"><a href=\"http:\/\/hartert-do.info\">click<\/a><\/div>\n<\/div>\n<\/div>\n","protected":false},"excerpt":{"rendered":"<p>An estimated 100,000 foreign students join Canadian colleges and universities every year. At present, 8,000 programs are offered by more than 150 public and private colleges and over 10,000 courses and programs offered by 97 Canadian universities Tuition fees for foreign student may vary from $5,500 to $15,000 per year depending on the type of &hellip; <a href=\"https:\/\/comingtocanada.ca\/?page_id=48\" class=\"more-link\">Continue reading <span class=\"screen-reader-text\">Study in Canada<\/span> <span class=\"meta-nav\">&rarr;<\/span><\/a><\/p>\n","protected":false},"author":1,"featured_media":0,"parent":44,"menu_order":2,"comment_status":"open","ping_status":"open","template":"","meta":{"footnotes":""},"_links":{"self":[{"href":"https:\/\/comingtocanada.ca\/index.php?rest_route=\/wp\/v2\/pages\/48"}],"collection":[{"href":"https:\/\/comingtocanada.ca\/index.php?rest_route=\/wp\/v2\/pages"}],"about":[{"href":"https:\/\/comingtocanada.ca\/index.php?rest_route=\/wp\/v2\/types\/page"}],"author":[{"embeddable":true,"href":"https:\/\/comingtocanada.ca\/index.php?rest_route=\/wp\/v2\/users\/1"}],"replies":[{"embeddable":true,"href":"https:\/\/comingtocanada.ca\/index.php?rest_route=%2Fwp%2Fv2%2Fcomments&post=48"}],"version-history":[{"count":16,"href":"https:\/\/comingtocanada.ca\/index.php?rest_route=\/wp\/v2\/pages\/48\/revisions"}],"predecessor-version":[{"id":1933,"href":"https:\/\/comingtocanada.ca\/index.php?rest_route=\/wp\/v2\/pages\/48\/revisions\/1933"}],"up":[{"embeddable":true,"href":"https:\/\/comingtocanada.ca\/index.php?rest_route=\/wp\/v2\/pages\/44"}],"wp:attachment":[{"href":"https:\/\/comingtocanada.ca\/index.php?rest_route=%2Fwp%2Fv2%2Fmedia&parent=48"}],"curies":[{"name":"wp","href":"https:\/\/api.w.org\/{rel}","templated":true}]}}